{"id":590,"date":"2025-01-15T12:03:35","date_gmt":"2025-01-15T12:03:35","guid":{"rendered":"https:\/\/agroturizam-stefanic.hr\/ueber-uns\/"},"modified":"2025-08-06T13:41:29","modified_gmt":"2025-08-06T13:41:29","slug":"ueber-uns","status":"publish","type":"page","link":"https:\/\/agroturizam-stefanic.hr\/de\/ueber-uns\/","title":{"rendered":"\u00dcber uns"},"content":{"rendered":"\n[et_pb_section fb_built=&#8220;1&#8243; _builder_version=&#8220;4.27.4&#8243; _module_preset=&#8220;default&#8220; background_image=&#8220;https:\/\/agroturizam-stefanic.hr\/wp-content\/uploads\/2025\/01\/home_farm_sectionbg4.jpg&#8220; custom_padding=&#8220;7%||7%||true|false&#8220; global_colors_info=&#8220;{}&#8220;][et_pb_row column_structure=&#8220;1_5,3_5,1_5&#8243; use_custom_gutter=&#8220;on&#8220; gutter_width=&#8220;2&#8243; make_equal=&#8220;on&#8220; _builder_version=&#8220;4.27.4&#8243; _module_preset=&#8220;default&#8220; width=&#8220;90%&#8220; max_width=&#8220;90%&#8220; custom_padding=&#8220;||0px|||&#8220; animation_style=&#8220;fade&#8220; custom_css_main_element=&#8220;align-items: center;&#8220; global_colors_info=&#8220;{}&#8220;][et_pb_column type=&#8220;1_5&#8243; _builder_version=&#8220;4.27.4&#8243; _module_preset=&#8220;default&#8220; global_colors_info=&#8220;{}&#8220;][et_pb_divider color=&#8220;#EA6624&#8243; disabled_on=&#8220;on|on|off&#8220; _builder_version=&#8220;4.27.4&#8243; _module_preset=&#8220;default&#8220; global_colors_info=&#8220;{}&#8220;][\/et_pb_divider][\/et_pb_column][et_pb_column type=&#8220;3_5&#8243; _builder_version=&#8220;4.27.4&#8243; _module_preset=&#8220;default&#8220; global_colors_info=&#8220;{}&#8220;][et_pb_text _builder_version=&#8220;4.27.4&#8243; _module_preset=&#8220;default&#8220; header_font=&#8220;&#8211;et_global_heading_font||||||||&#8220; header_text_align=&#8220;center&#8220; header_text_color=&#8220;#EA6624&#8243; header_font_size=&#8220;6vw&#8220; custom_margin=&#8220;||21px|||&#8220; header_font_size_tablet=&#8220;6vw&#8220; header_font_size_phone=&#8220;11vw&#8220; header_font_size_last_edited=&#8220;on|phone&#8220; global_colors_info=&#8220;{}&#8220;]<h1>\u00dcber uns<\/h1>[\/et_pb_text][\/et_pb_column][et_pb_column type=&#8220;1_5&#8243; _builder_version=&#8220;4.27.4&#8243; _module_preset=&#8220;default&#8220; global_colors_info=&#8220;{}&#8220;][et_pb_divider color=&#8220;#EA6624&#8243; disabled_on=&#8220;on|on|off&#8220; _builder_version=&#8220;4.27.4&#8243; _module_preset=&#8220;default&#8220; global_colors_info=&#8220;{}&#8220;][\/et_pb_divider][\/et_pb_column][\/et_pb_row][\/et_pb_section][et_pb_section fb_built=&#8220;1&#8243; _builder_version=&#8220;4.27.4&#8243; _module_preset=&#8220;default&#8220; background_enable_color=&#8220;off&#8220; custom_padding=&#8220;||0px|||&#8220; global_colors_info=&#8220;{}&#8220;][et_pb_row column_structure=&#8220;1_2,1_2&#8243; make_equal=&#8220;on&#8220; _builder_version=&#8220;4.27.4&#8243; _module_preset=&#8220;default&#8220; width=&#8220;90%&#8220; max_width=&#8220;90%&#8220; custom_padding=&#8220;80px||100px||false|false&#8220; animation_style=&#8220;fade&#8220; global_colors_info=&#8220;{}&#8220;][et_pb_column type=&#8220;1_2&#8243; _builder_version=&#8220;4.27.4&#8243; _module_preset=&#8220;default&#8220; global_colors_info=&#8220;{}&#8220;][et_pb_text _builder_version=&#8220;4.27.4&#8243; _module_preset=&#8220;default&#8220; text_font=&#8220;&#8211;et_global_body_font||||||||&#8220; text_text_color=&#8220;#2b2900&#8243; text_font_size=&#8220;15px&#8220; header_2_font=&#8220;&#8211;et_global_body_font|700||on|||||&#8220; header_2_text_color=&#8220;#EA6624&#8243; header_2_font_size=&#8220;32px&#8220; header_2_letter_spacing=&#8220;2px&#8220; header_2_line_height=&#8220;1.1em&#8220; header_3_font=&#8220;&#8211;et_global_body_font|||on|||||&#8220; header_3_font_size=&#8220;24px&#8220; header_3_letter_spacing=&#8220;1px&#8220; custom_padding=&#8220;1%||||false|false&#8220; custom_padding_tablet=&#8220;5%||||false|false&#8220; custom_padding_phone=&#8220;2%||||false|false&#8220; custom_padding_last_edited=&#8220;on|phone&#8220; global_colors_info=&#8220;{}&#8220;]<h2>Eine Tradition, die seit 1780 gelebt wird <\/h2>[\/et_pb_text][\/et_pb_column][et_pb_column type=&#8220;1_2&#8243; _builder_version=&#8220;4.27.4&#8243; _module_preset=&#8220;default&#8220; global_colors_info=&#8220;{}&#8220;][et_pb_text _builder_version=&#8220;4.27.4&#8243; _module_preset=&#8220;default&#8220; text_font=&#8220;&#8211;et_global_body_font||||||||&#8220; text_text_color=&#8220;#2b2900&#8243; text_font_size=&#8220;15px&#8220; header_2_font=&#8220;&#8211;et_global_body_font|||on|||||&#8220; header_2_text_color=&#8220;#EA6624&#8243; header_2_font_size=&#8220;12px&#8220; header_2_letter_spacing=&#8220;2px&#8220; header_2_line_height=&#8220;1.1em&#8220; header_3_font=&#8220;&#8211;et_global_body_font|||on|||||&#8220; header_3_font_size=&#8220;24px&#8220; header_3_letter_spacing=&#8220;1px&#8220; custom_padding=&#8220;||||false|false&#8220; custom_padding_tablet=&#8220;5%||||false|false&#8220; custom_padding_phone=&#8220;2%||||false|false&#8220; custom_padding_last_edited=&#8220;on|phone&#8220; global_colors_info=&#8220;{}&#8220;]<p>Auf den sonnigen H\u00fcgeln von Motovun beginnt die Geschichte der Familie \u0160tefani\u0107 im Jahr 1780. Damals begannen die flei\u00dfigen H\u00e4nde unserer Vorfahren, angetrieben von der Liebe zum Land und einem gesunden Leben, erstklassige istrische Produkte anzubauen. Heute, mehr als zwei Jahrhunderte sp\u00e4ter, f\u00fchren wir diese Tradition fort, inspiriert von den Werten, die uns seit Generationen \u00fcberliefert wurden.   <\/p>[\/et_pb_text][\/et_pb_column][\/et_pb_row][et_pb_row column_structure=&#8220;1_3,1_3,1_3&#8243; _builder_version=&#8220;4.27.4&#8243; _module_preset=&#8220;default&#8220; global_colors_info=&#8220;{}&#8220;][et_pb_column type=&#8220;1_3&#8243; _builder_version=&#8220;4.27.4&#8243; _module_preset=&#8220;default&#8220; global_colors_info=&#8220;{}&#8220; border_width_right__hover_enabled=&#8220;on|hover&#8220; border_width_right__hover=&#8220;0px&#8220; border_width_bottom__hover_enabled=&#8220;on|hover&#8220; border_width_bottom__hover=&#8220;0px&#8220;][et_pb_number_counter title=&#8220;Ein Jahr voller Tradition&#8220; number=&#8220;245&#8243; percent_sign=&#8220;off&#8220; _builder_version=&#8220;4.27.4&#8243; _module_preset=&#8220;default&#8220; title_level=&#8220;h5&#8243; title_font=&#8220;&#8211;et_global_body_font||||||||&#8220; title_text_color=&#8220;#2B2900&#8243; title_font_size=&#8220;16px&#8220; title_line_height=&#8220;0.3em&#8220; number_font=&#8220;&#8211;et_global_body_font||||||||&#8220; number_text_color=&#8220;#EA6624&#8243; number_font_size=&#8220;60px&#8220; transform_translate_linked__hover=&#8220;off&#8220; global_colors_info=&#8220;{}&#8220; transform_styles__hover_enabled=&#8220;on|hover&#8220; transform_scale__hover_enabled=&#8220;on|hover&#8220; transform_translate__hover_enabled=&#8220;on|desktop&#8220; transform_rotate__hover_enabled=&#8220;on|desktop&#8220; transform_skew__hover_enabled=&#8220;on|desktop&#8220; transform_origin__hover_enabled=&#8220;on|desktop&#8220; transform_translate__hover=&#8220;0px|-8px&#8220;][\/et_pb_number_counter][\/et_pb_column][et_pb_column type=&#8220;1_3&#8243; _builder_version=&#8220;4.27.4&#8243; _module_preset=&#8220;default&#8220; global_colors_info=&#8220;{}&#8220;][et_pb_number_counter title=&#8220;Inl\u00e4ndische Produktion&#8220; number=&#8220;100&#8243; _builder_version=&#8220;4.27.4&#8243; _module_preset=&#8220;default&#8220; title_level=&#8220;h5&#8243; title_font=&#8220;&#8211;et_global_body_font||||||||&#8220; title_text_color=&#8220;#2B2900&#8243; title_font_size=&#8220;16px&#8220; title_line_height=&#8220;0.3em&#8220; number_font=&#8220;&#8211;et_global_body_font||||||||&#8220; number_text_color=&#8220;#EA6624&#8243; number_font_size=&#8220;60px&#8220; transform_translate_linked__hover=&#8220;off&#8220; global_colors_info=&#8220;{}&#8220; transform_styles__hover_enabled=&#8220;on|hover&#8220; transform_scale__hover_enabled=&#8220;on|hover&#8220; transform_translate__hover_enabled=&#8220;on|desktop&#8220; transform_rotate__hover_enabled=&#8220;on|desktop&#8220; transform_skew__hover_enabled=&#8220;on|desktop&#8220; transform_origin__hover_enabled=&#8220;on|desktop&#8220; transform_translate__hover=&#8220;0px|-8px&#8220;][\/et_pb_number_counter][\/et_pb_column][et_pb_column type=&#8220;1_3&#8243; _builder_version=&#8220;4.27.4&#8243; _module_preset=&#8220;default&#8220; global_colors_info=&#8220;{}&#8220;][et_pb_number_counter title=&#8220;Zufriedene G\u00e4ste&#8220; number=&#8220;2500+&#8220; percent_sign=&#8220;off&#8220; _builder_version=&#8220;4.27.4&#8243; _module_preset=&#8220;default&#8220; title_level=&#8220;h5&#8243; title_font=&#8220;&#8211;et_global_body_font||||||||&#8220; title_text_color=&#8220;#2B2900&#8243; title_font_size=&#8220;16px&#8220; title_line_height=&#8220;0.3em&#8220; number_font=&#8220;&#8211;et_global_body_font||||||||&#8220; number_text_color=&#8220;#EA6624&#8243; number_font_size=&#8220;60px&#8220; transform_translate_linked__hover=&#8220;off&#8220; global_colors_info=&#8220;{}&#8220; transform_styles__hover_enabled=&#8220;on|hover&#8220; transform_scale__hover_enabled=&#8220;on|hover&#8220; transform_translate__hover_enabled=&#8220;on|desktop&#8220; transform_rotate__hover_enabled=&#8220;on|desktop&#8220; transform_skew__hover_enabled=&#8220;on|desktop&#8220; transform_origin__hover_enabled=&#8220;on|desktop&#8220; transform_translate__hover=&#8220;0px|-8px&#8220;][\/et_pb_number_counter][\/et_pb_column][\/et_pb_row][et_pb_row column_structure=&#8220;3_5,2_5&#8243; _builder_version=&#8220;4.27.4&#8243; _module_preset=&#8220;default&#8220; width=&#8220;90%&#8220; max_width=&#8220;90%&#8220; animation_style=&#8220;fade&#8220; global_colors_info=&#8220;{}&#8220;][et_pb_column type=&#8220;3_5&#8243; _builder_version=&#8220;4.27.4&#8243; _module_preset=&#8220;default&#8220; global_colors_info=&#8220;{}&#8220;][et_pb_image src=&#8220;https:\/\/agroturizam-stefanic.hr\/wp-content\/uploads\/2025\/06\/obiteljska-prica.jpg&#8220; align=&#8220;center&#8220; _builder_version=&#8220;4.27.4&#8243; _module_preset=&#8220;default&#8220; hover_enabled=&#8220;0&#8243; global_colors_info=&#8220;{}&#8220; max_width=&#8220;80%&#8220; sticky_enabled=&#8220;0&#8243;][\/et_pb_image][\/et_pb_column][et_pb_column type=&#8220;2_5&#8243; _builder_version=&#8220;4.27.4&#8243; _module_preset=&#8220;default&#8220; global_colors_info=&#8220;{}&#8220;][et_pb_text _builder_version=&#8220;4.27.4&#8243; _module_preset=&#8220;default&#8220; text_font=&#8220;&#8211;et_global_body_font||||||||&#8220; text_text_color=&#8220;#2b2900&#8243; text_font_size=&#8220;15px&#8220; header_2_font=&#8220;&#8211;et_global_body_font|||on|||||&#8220; header_2_text_color=&#8220;#EA6624&#8243; header_2_font_size=&#8220;12px&#8220; header_2_letter_spacing=&#8220;2px&#8220; header_2_line_height=&#8220;1.1em&#8220; header_3_font=&#8220;&#8211;et_global_body_font|||on|||||&#8220; header_3_font_size=&#8220;24px&#8220; header_3_letter_spacing=&#8220;1px&#8220; custom_padding=&#8220;5%||||false|false&#8220; custom_padding_tablet=&#8220;5%||||false|false&#8220; custom_padding_phone=&#8220;2%||||false|false&#8220; custom_padding_last_edited=&#8220;on|phone&#8220; global_colors_info=&#8220;{}&#8220;]<h2>AGROTURISMUS \u0160TEFANI\u0106<\/h2>\n<h3>Unsere Familiengeschichte<\/h3>\n<p>Agrotourismus \u0160tefani\u0107 wurde mit dem Ziel gegr\u00fcndet, Menschen mit der Natur, Tradition und echten istrischen Geschm\u00e4ckern zu verbinden. Unser Agrotourismus ist nicht nur ein Ort zum Entspannen, sondern ein Raum, in dem jeder Gast Teil unserer Geschichte wird. Ein Familienteam k\u00fcmmert sich mit viel Herz und Leidenschaft um jedes Detail, von der Herstellung lokaler Produkte bis hin zur Herstellung authentischer Gerichte.  <\/p>[\/et_pb_text][\/et_pb_column][\/et_pb_row][\/et_pb_section][et_pb_section fb_built=&#8220;1&#8243; _builder_version=&#8220;4.27.4&#8243; _module_preset=&#8220;default&#8220; background_image=&#8220;https:\/\/agroturizam-stefanic.hr\/wp-content\/uploads\/2025\/01\/home_farm_sectionbg4.jpg&#8220; global_colors_info=&#8220;{}&#8220;][et_pb_row _builder_version=&#8220;4.27.4&#8243; _module_preset=&#8220;default&#8220; custom_padding=&#8220;1px||0px|||&#8220; global_colors_info=&#8220;{}&#8220;][et_pb_column type=&#8220;4_4&#8243; _builder_version=&#8220;4.27.4&#8243; _module_preset=&#8220;default&#8220; global_colors_info=&#8220;{}&#8220;][et_pb_text _builder_version=&#8220;4.27.4&#8243; _module_preset=&#8220;default&#8220; text_font=&#8220;&#8211;et_global_body_font||||||||&#8220; text_text_color=&#8220;#2b2900&#8243; text_font_size=&#8220;15px&#8220; header_2_font=&#8220;&#8211;et_global_body_font|||on|||||&#8220; header_2_text_color=&#8220;#EA6624&#8243; header_2_font_size=&#8220;12px&#8220; header_2_letter_spacing=&#8220;2px&#8220; header_2_line_height=&#8220;1.1em&#8220; header_3_font=&#8220;&#8211;et_global_body_font|||on|||||&#8220; header_3_text_align=&#8220;center&#8220; header_3_font_size=&#8220;28px&#8220; header_3_letter_spacing=&#8220;1px&#8220; header_4_font=&#8220;&#8211;et_global_body_font|||on|||||&#8220; header_4_text_align=&#8220;center&#8220; header_4_text_color=&#8220;#EA6624&#8243; header_4_font_size=&#8220;12px&#8220; header_4_letter_spacing=&#8220;2px&#8220; header_4_line_height=&#8220;1.1em&#8220; custom_margin=&#8220;||0px||false|false&#8220; custom_padding=&#8220;2%||||false|false&#8220; custom_padding_tablet=&#8220;5%||||false|false&#8220; custom_padding_phone=&#8220;2%||||false|false&#8220; custom_padding_last_edited=&#8220;on|phone&#8220; header_3_text_align_tablet=&#8220;center&#8220; header_3_text_align_phone=&#8220;center&#8220; header_3_text_align_last_edited=&#8220;on|desktop&#8220; header_4_text_align_tablet=&#8220;center&#8220; header_4_text_align_phone=&#8220;center&#8220; header_4_text_align_last_edited=&#8220;on|desktop&#8220; global_colors_info=&#8220;{}&#8220;]<h4>FAMILIENTRADITION<\/h4>\n<h3>Was macht uns besonders?<\/h3>\n<p>&nbsp;<\/p>[\/et_pb_text][et_pb_divider color=&#8220;#EA6624&#8243; _builder_version=&#8220;4.27.4&#8243; _module_preset=&#8220;default&#8220; width=&#8220;20%&#8220; module_alignment=&#8220;center&#8220; global_colors_info=&#8220;{}&#8220;][\/et_pb_divider][\/et_pb_column][\/et_pb_row][et_pb_row column_structure=&#8220;1_3,1_3,1_3&#8243; _builder_version=&#8220;4.27.4&#8243; _module_preset=&#8220;default&#8220; width=&#8220;90%&#8220; max_width=&#8220;90%&#8220; animation_style=&#8220;slide&#8220; animation_direction=&#8220;bottom&#8220; global_colors_info=&#8220;{}&#8220;][et_pb_column type=&#8220;1_3&#8243; _builder_version=&#8220;4.27.4&#8243; _module_preset=&#8220;default&#8220; global_colors_info=&#8220;{}&#8220;][et_pb_blurb title=&#8220;Traditionelle K\u00fcche&#8220; image_icon_width=&#8220;48px&#8220; _builder_version=&#8220;4.27.4&#8243; _module_preset=&#8220;default&#8220; header_level=&#8220;h6&#8243; header_font=&#8220;&#8211;et_global_heading_font|600|||||||&#8220; header_text_align=&#8220;center&#8220; header_text_color=&#8220;#EA6624&#8243; header_font_size=&#8220;32px&#8220; header_letter_spacing=&#8220;1px&#8220; body_font=&#8220;&#8211;et_global_body_font||||||||&#8220; body_text_align=&#8220;left&#8220; body_text_color=&#8220;#2B2900&#8243; global_colors_info=&#8220;{}&#8220;]<p>Unser Olivenhain und Weinberg sind das Herzst\u00fcck unseres Angebots. Jede Flasche unseres Oliven\u00f6ls und Weins tr\u00e4gt das Siegel f\u00fcr Qualit\u00e4t und Authentizit\u00e4t. <\/p>[\/et_pb_blurb][\/et_pb_column][et_pb_column type=&#8220;1_3&#8243; _builder_version=&#8220;4.27.4&#8243; _module_preset=&#8220;default&#8220; global_colors_info=&#8220;{}&#8220;][et_pb_blurb title=&#8220;Inl\u00e4ndische Produktion&#8220; image_icon_width=&#8220;48px&#8220; _builder_version=&#8220;4.27.4&#8243; _module_preset=&#8220;default&#8220; header_level=&#8220;h6&#8243; header_font=&#8220;&#8211;et_global_heading_font|600|||||||&#8220; header_text_align=&#8220;center&#8220; header_text_color=&#8220;#EA6624&#8243; header_font_size=&#8220;32px&#8220; header_letter_spacing=&#8220;1px&#8220; body_font=&#8220;&#8211;et_global_body_font||||||||&#8220; body_text_align=&#8220;left&#8220; body_text_color=&#8220;#2B2900&#8243; global_colors_info=&#8220;{}&#8220;]<p>Alles, was wir anbieten, wird nach den Rezepten unserer Vorfahren zubereitet und es werden ausschlie\u00dflich frische Zutaten von unserem Bauernhof verwendet.<\/p>[\/et_pb_blurb][\/et_pb_column][et_pb_column type=&#8220;1_3&#8243; _builder_version=&#8220;4.27.4&#8243; _module_preset=&#8220;default&#8220; global_colors_info=&#8220;{}&#8220;][et_pb_blurb title=&#8220;Die Verbindung von Vergangenheit und Gegenwart&#8220; image_icon_width=&#8220;48px&#8220; disabled_on=&#8220;on|on|off&#8220; _builder_version=&#8220;4.27.4&#8243; _module_preset=&#8220;default&#8220; header_level=&#8220;h6&#8243; header_font=&#8220;&#8211;et_global_heading_font|600|||||||&#8220; header_text_align=&#8220;center&#8220; header_text_color=&#8220;#EA6624&#8243; header_font_size=&#8220;32px&#8220; header_letter_spacing=&#8220;1px&#8220; body_font=&#8220;&#8211;et_global_body_font||||||||&#8220; body_text_align=&#8220;left&#8220; body_text_color=&#8220;#2B2900&#8243; global_colors_info=&#8220;{}&#8220;]<p>Wir pflegen die Tradition, f\u00fchren aber gleichzeitig moderne Ans\u00e4tze ein, um unseren G\u00e4sten ein unvergessliches Erlebnis zu bieten.<\/p>[\/et_pb_blurb][\/et_pb_column][\/et_pb_row][\/et_pb_section][et_pb_section fb_built=&#8220;1&#8243; _builder_version=&#8220;4.27.4&#8243; _module_preset=&#8220;default&#8220; custom_padding=&#8220;0px||0px|||&#8220; global_colors_info=&#8220;{}&#8220;][et_pb_row column_structure=&#8220;3_5,2_5&#8243; _builder_version=&#8220;4.27.4&#8243; _module_preset=&#8220;default&#8220; width=&#8220;90%&#8220; max_width=&#8220;90%&#8220; animation_style=&#8220;fade&#8220; global_colors_info=&#8220;{}&#8220;][et_pb_column type=&#8220;3_5&#8243; _builder_version=&#8220;4.27.4&#8243; _module_preset=&#8220;default&#8220; global_colors_info=&#8220;{}&#8220;][et_pb_image src=&#8220;https:\/\/agroturizam-stefanic.hr\/wp-content\/uploads\/2025\/06\/kuhinja-naslovnica.jpg&#8220; align=&#8220;center&#8220; _builder_version=&#8220;4.27.4&#8243; _module_preset=&#8220;default&#8220; hover_enabled=&#8220;0&#8243; global_colors_info=&#8220;{}&#8220; max_width=&#8220;65%&#8220; sticky_enabled=&#8220;0&#8243;][\/et_pb_image][\/et_pb_column][et_pb_column type=&#8220;2_5&#8243; _builder_version=&#8220;4.27.4&#8243; _module_preset=&#8220;default&#8220; global_colors_info=&#8220;{}&#8220;][et_pb_text _builder_version=&#8220;4.27.4&#8243; _module_preset=&#8220;default&#8220; text_font=&#8220;&#8211;et_global_body_font||||||||&#8220; text_text_color=&#8220;#2b2900&#8243; text_font_size=&#8220;15px&#8220; link_text_color=&#8220;#2B2900&#8243; header_2_font=&#8220;&#8211;et_global_body_font|||on|||||&#8220; header_2_text_color=&#8220;#EA6624&#8243; header_2_font_size=&#8220;12px&#8220; header_2_letter_spacing=&#8220;2px&#8220; header_2_line_height=&#8220;1.1em&#8220; header_3_font=&#8220;&#8211;et_global_body_font|||on|||||&#8220; header_3_font_size=&#8220;24px&#8220; header_3_letter_spacing=&#8220;1px&#8220; custom_padding=&#8220;5%||||false|false&#8220; custom_padding_tablet=&#8220;5%||||false|false&#8220; custom_padding_phone=&#8220;2%||||false|false&#8220; custom_padding_last_edited=&#8220;on|phone&#8220; global_colors_info=&#8220;{}&#8220;]<h2>DIE FAMILIE \u0160TEFANI\u0106<\/h2>\n<h3>Unsere Mission und Vision<\/h3>\n<p>Unsere Mission ist es, unseren G\u00e4sten die M\u00f6glichkeit zu bieten, das Herz Istriens durch Natur, Aromen und Gastfreundschaft zu erleben. Die Vision von <a href=\"https:\/\/agroturizam-stefanic.hr\/de\/\">Agroturizm \u0160tefani\u0107<\/a> ist es, ein erkennbares Reiseziel f\u00fcr alle zu werden, die ein authentisches Istrien-Erlebnis suchen, sei es durch unsere Produkte, Unterk\u00fcnfte oder gastronomischen K\u00f6stlichkeiten. <\/p>\n<p>Unsere G\u00e4ste sind nicht nur Besucher \u2013 sie werden zu Freunden der Familie \u0160tefani\u0107. Jede Mahlzeit, jeder Tropfen Wein und jeder Moment auf unserem Bauernhof sollen Erinnerungen schaffen, die Sie f\u00fcr immer in Ehren halten werden. <\/p>[\/et_pb_text][\/et_pb_column][\/et_pb_row][\/et_pb_section][et_pb_section fb_built=&#8220;1&#8243; _builder_version=&#8220;4.27.4&#8243; _module_preset=&#8220;default&#8220; custom_padding=&#8220;||||false|false&#8220; global_colors_info=&#8220;{}&#8220;][et_pb_row column_structure=&#8220;1_5,3_5,1_5&#8243; use_custom_gutter=&#8220;on&#8220; gutter_width=&#8220;2&#8243; make_equal=&#8220;on&#8220; _builder_version=&#8220;4.27.4&#8243; _module_preset=&#8220;default&#8220; width=&#8220;90%&#8220; max_width=&#8220;90%&#8220; animation_style=&#8220;fade&#8220; custom_css_main_element=&#8220;align-items: center;&#8220; global_colors_info=&#8220;{}&#8220;][et_pb_column type=&#8220;1_5&#8243; _builder_version=&#8220;4.27.4&#8243; _module_preset=&#8220;default&#8220; global_colors_info=&#8220;{}&#8220;][et_pb_divider color=&#8220;#EA6624&#8243; disabled_on=&#8220;on|on|off&#8220; _builder_version=&#8220;4.27.4&#8243; _module_preset=&#8220;default&#8220; global_colors_info=&#8220;{}&#8220;][\/et_pb_divider][\/et_pb_column][et_pb_column type=&#8220;3_5&#8243; _builder_version=&#8220;4.27.4&#8243; _module_preset=&#8220;default&#8220; global_colors_info=&#8220;{}&#8220;][et_pb_text _builder_version=&#8220;4.27.4&#8243; _module_preset=&#8220;default&#8220; text_font=&#8220;&#8211;et_global_body_font|500|on|on|||||&#8220; text_text_color=&#8220;#0B0904&#8243; text_font_size=&#8220;26px&#8220; text_letter_spacing=&#8220;1px&#8220; text_orientation=&#8220;center&#8220; global_colors_info=&#8220;{}&#8220;]<p>Entdecken Sie unser Angebot und buchen Sie Ihr Vergn\u00fcgen im Agroturizma \u0160tefani\u0107 \u2013 einem Ort, an dem Natur und Tradition eins werden<\/p>[\/et_pb_text][\/et_pb_column][et_pb_column type=&#8220;1_5&#8243; _builder_version=&#8220;4.27.4&#8243; _module_preset=&#8220;default&#8220; global_colors_info=&#8220;{}&#8220;][et_pb_divider color=&#8220;#EA6624&#8243; _builder_version=&#8220;4.27.4&#8243; _module_preset=&#8220;default&#8220; global_colors_info=&#8220;{}&#8220;][\/et_pb_divider][\/et_pb_column][\/et_pb_row][\/et_pb_section]\n","protected":false},"excerpt":{"rendered":"<p>\u00dcber unsEine Tradition, die seit 1780 gelebt wird Auf den sonnigen H\u00fcgeln von Motovun beginnt die Geschichte der Familie \u0160tefani\u0107 im Jahr 1780. Damals begannen die flei\u00dfigen H\u00e4nde unserer Vorfahren, angetrieben von der Liebe zum Land und einem gesunden Leben, erstklassige istrische Produkte anzubauen. Heute, mehr als zwei Jahrhunderte sp\u00e4ter, f\u00fchren wir diese Tradition fort, [&hellip;]<\/p>\n","protected":false},"author":1,"featured_media":0,"parent":0,"menu_order":0,"comment_status":"closed","ping_status":"closed","template":"","meta":{"_et_pb_use_builder":"on","_et_pb_old_content":"","_et_gb_content_width":"","footnotes":""},"class_list":["post-590","page","type-page","status-publish","hentry"],"_links":{"self":[{"href":"https:\/\/agroturizam-stefanic.hr\/de\/wp-json\/wp\/v2\/pages\/590","targetHints":{"allow":["GET"]}}],"collection":[{"href":"https:\/\/agroturizam-stefanic.hr\/de\/wp-json\/wp\/v2\/pages"}],"about":[{"href":"https:\/\/agroturizam-stefanic.hr\/de\/wp-json\/wp\/v2\/types\/page"}],"author":[{"embeddable":true,"href":"https:\/\/agroturizam-stefanic.hr\/de\/wp-json\/wp\/v2\/users\/1"}],"replies":[{"embeddable":true,"href":"https:\/\/agroturizam-stefanic.hr\/de\/wp-json\/wp\/v2\/comments?post=590"}],"version-history":[{"count":1,"href":"https:\/\/agroturizam-stefanic.hr\/de\/wp-json\/wp\/v2\/pages\/590\/revisions"}],"predecessor-version":[{"id":591,"href":"https:\/\/agroturizam-stefanic.hr\/de\/wp-json\/wp\/v2\/pages\/590\/revisions\/591"}],"wp:attachment":[{"href":"https:\/\/agroturizam-stefanic.hr\/de\/wp-json\/wp\/v2\/media?parent=590"}],"curies":[{"name":"wp","href":"https:\/\/api.w.org\/{rel}","templated":true}]}}