{"id":582,"date":"2025-01-15T08:23:24","date_gmt":"2025-01-15T08:23:24","guid":{"rendered":"https:\/\/agroturizam-stefanic.hr\/verkostungsraum\/"},"modified":"2025-12-16T08:05:08","modified_gmt":"2025-12-16T08:05:08","slug":"verkostungsraum","status":"publish","type":"page","link":"https:\/\/agroturizam-stefanic.hr\/de\/verkostungsraum\/","title":{"rendered":"Verkostungsraum"},"content":{"rendered":"<p>[et_pb_section fb_built=&#8220;1&#8243; _builder_version=&#8220;4.27.4&#8243; _module_preset=&#8220;default&#8220; background_image=&#8220;https:\/\/agroturizam-stefanic.hr\/wp-content\/uploads\/2025\/01\/home_farm_sectionbg4.jpg&#8220; custom_padding=&#8220;7%||7%||true|false&#8220; global_colors_info=&#8220;{}&#8220;][et_pb_row column_structure=&#8220;1_5,3_5,1_5&#8243; use_custom_gutter=&#8220;on&#8220; gutter_width=&#8220;2&#8243; make_equal=&#8220;on&#8220; _builder_version=&#8220;4.27.4&#8243; _module_preset=&#8220;default&#8220; width=&#8220;90%&#8220; max_width=&#8220;90%&#8220; custom_padding=&#8220;||0px|||&#8220; animation_style=&#8220;fade&#8220; custom_css_main_element=&#8220;align-items: center;&#8220; global_colors_info=&#8220;{}&#8220;][et_pb_column type=&#8220;1_5&#8243; _builder_version=&#8220;4.27.4&#8243; _module_preset=&#8220;default&#8220; global_colors_info=&#8220;{}&#8220;][et_pb_divider color=&#8220;#EA6624&#8243; disabled_on=&#8220;on|on|off&#8220; _builder_version=&#8220;4.27.4&#8243; _module_preset=&#8220;default&#8220; global_colors_info=&#8220;{}&#8220;][\/et_pb_divider][\/et_pb_column][et_pb_column type=&#8220;3_5&#8243; _builder_version=&#8220;4.27.4&#8243; _module_preset=&#8220;default&#8220; global_colors_info=&#8220;{}&#8220;][et_pb_text _builder_version=&#8220;4.27.4&#8243; _module_preset=&#8220;default&#8220; header_font=&#8220;&#8211;et_global_heading_font||||||||&#8220; header_text_align=&#8220;center&#8220; header_text_color=&#8220;#EA6624&#8243; header_font_size=&#8220;6vw&#8220; custom_margin=&#8220;||21px|||&#8220; header_font_size_tablet=&#8220;6vw&#8220; header_font_size_phone=&#8220;11vw&#8220; header_font_size_last_edited=&#8220;on|phone&#8220; global_colors_info=&#8220;{}&#8220;]<\/p>\n<h1>Verkostungsraum<\/h1>\n<p>[\/et_pb_text][\/et_pb_column][et_pb_column type=&#8220;1_5&#8243; _builder_version=&#8220;4.27.4&#8243; _module_preset=&#8220;default&#8220; global_colors_info=&#8220;{}&#8220;][et_pb_divider color=&#8220;#EA6624&#8243; disabled_on=&#8220;on|on|off&#8220; _builder_version=&#8220;4.27.4&#8243; _module_preset=&#8220;default&#8220; global_colors_info=&#8220;{}&#8220;][\/et_pb_divider][\/et_pb_column][\/et_pb_row][\/et_pb_section][et_pb_section fb_built=&#8220;1&#8243; _builder_version=&#8220;4.27.4&#8243; _module_preset=&#8220;default&#8220; background_enable_color=&#8220;off&#8220; custom_padding=&#8220;||0px|||&#8220; global_colors_info=&#8220;{}&#8220;][et_pb_row column_structure=&#8220;1_2,1_2&#8243; make_equal=&#8220;on&#8220; _builder_version=&#8220;4.27.4&#8243; _module_preset=&#8220;default&#8220; width=&#8220;90%&#8220; max_width=&#8220;90%&#8220; custom_padding=&#8220;80px||100px||false|false&#8220; animation_style=&#8220;fade&#8220; global_colors_info=&#8220;{}&#8220;][et_pb_column type=&#8220;1_2&#8243; _builder_version=&#8220;4.27.4&#8243; _module_preset=&#8220;default&#8220; global_colors_info=&#8220;{}&#8220;][et_pb_text _builder_version=&#8220;4.27.4&#8243; _module_preset=&#8220;default&#8220; text_font=&#8220;&#8211;et_global_body_font||||||||&#8220; text_text_color=&#8220;#2b2900&#8243; text_font_size=&#8220;15px&#8220; header_2_font=&#8220;&#8211;et_global_body_font|700||on|||||&#8220; header_2_text_color=&#8220;#EA6624&#8243; header_2_font_size=&#8220;32px&#8220; header_2_letter_spacing=&#8220;2px&#8220; header_2_line_height=&#8220;1.1em&#8220; header_3_font=&#8220;&#8211;et_global_body_font|||on|||||&#8220; header_3_font_size=&#8220;24px&#8220; header_3_letter_spacing=&#8220;1px&#8220; custom_padding=&#8220;1%||||false|false&#8220; custom_padding_tablet=&#8220;5%||||false|false&#8220; custom_padding_phone=&#8220;2%||||false|false&#8220; custom_padding_last_edited=&#8220;on|phone&#8220; global_colors_info=&#8220;{}&#8220;]<\/p>\n<h2>Die Aromen Istriens in jedem Tropfen<\/h2>\n<p>[\/et_pb_text][\/et_pb_column][et_pb_column type=&#8220;1_2&#8243; _builder_version=&#8220;4.27.4&#8243; _module_preset=&#8220;default&#8220; global_colors_info=&#8220;{}&#8220;][et_pb_text _builder_version=&#8220;4.27.4&#8243; _module_preset=&#8220;default&#8220; text_font=&#8220;&#8211;et_global_body_font||||||||&#8220; text_text_color=&#8220;#2b2900&#8243; text_font_size=&#8220;15px&#8220; header_2_font=&#8220;&#8211;et_global_body_font|||on|||||&#8220; header_2_text_color=&#8220;#EA6624&#8243; header_2_font_size=&#8220;12px&#8220; header_2_letter_spacing=&#8220;2px&#8220; header_2_line_height=&#8220;1.1em&#8220; header_3_font=&#8220;&#8211;et_global_body_font|||on|||||&#8220; header_3_font_size=&#8220;24px&#8220; header_3_letter_spacing=&#8220;1px&#8220; custom_padding=&#8220;||||false|false&#8220; custom_padding_tablet=&#8220;5%||||false|false&#8220; custom_padding_phone=&#8220;2%||||false|false&#8220; custom_padding_last_edited=&#8220;on|phone&#8220; global_colors_info=&#8220;{}&#8220;]<\/p>\n<p>Willkommen im Verkostungsraum des Agroturizma \u0160tefani\u0107, einem Ort, an dem Tradition, Qualit\u00e4t und Leidenschaft f\u00fcr hochwertige istrische Produkte miteinander verschmelzen. Unser Verkostungsraum auf unserem Anwesen bietet ein einzigartiges Erlebnis, bei dem Sie die Aromen von hausgemachtem Oliven\u00f6l und Wein entdecken k\u00f6nnen, die mit Liebe und Liebe zum Detail hergestellt werden. <\/p>\n<p>[\/et_pb_text][\/et_pb_column][\/et_pb_row][et_pb_row column_structure=&#8220;3_5,2_5&#8243; _builder_version=&#8220;4.27.4&#8243; _module_preset=&#8220;default&#8220; width=&#8220;90%&#8220; max_width=&#8220;90%&#8220; animation_style=&#8220;fade&#8220; global_colors_info=&#8220;{}&#8220;][et_pb_column type=&#8220;3_5&#8243; _builder_version=&#8220;4.27.4&#8243; _module_preset=&#8220;default&#8220; global_colors_info=&#8220;{}&#8220;][et_pb_image src=&#8220;https:\/\/agroturizam-stefanic.hr\/wp-content\/uploads\/2025\/06\/kusaona-naslovnica.jpg&#8220; align=&#8220;center&#8220; _builder_version=&#8220;4.27.4&#8243; _module_preset=&#8220;default&#8220; max_width=&#8220;65%&#8220; global_colors_info=&#8220;{}&#8220;][\/et_pb_image][\/et_pb_column][et_pb_column type=&#8220;2_5&#8243; _builder_version=&#8220;4.27.4&#8243; _module_preset=&#8220;default&#8220; global_colors_info=&#8220;{}&#8220;][et_pb_text _builder_version=&#8220;4.27.4&#8243; _module_preset=&#8220;default&#8220; text_font=&#8220;&#8211;et_global_body_font||||||||&#8220; text_text_color=&#8220;#2b2900&#8243; text_font_size=&#8220;15px&#8220; header_2_font=&#8220;&#8211;et_global_body_font|||on|||||&#8220; header_2_text_color=&#8220;#EA6624&#8243; header_2_font_size=&#8220;12px&#8220; header_2_letter_spacing=&#8220;2px&#8220; header_2_line_height=&#8220;1.1em&#8220; header_3_font=&#8220;&#8211;et_global_body_font|||on|||||&#8220; header_3_font_size=&#8220;24px&#8220; header_3_letter_spacing=&#8220;1px&#8220; custom_padding=&#8220;5%||||false|false&#8220; custom_padding_tablet=&#8220;5%||||false|false&#8220; custom_padding_phone=&#8220;2%||||false|false&#8220; custom_padding_last_edited=&#8220;on|phone&#8220; global_colors_info=&#8220;{}&#8220;]<\/p>\n<h2>Oliven\u00f6l<\/h2>\n<h3>Ein Tropfen Gesundheit aus Istrien<\/h3>\n<p>Unser Oliven\u00f6l ist eines der wertvollsten Produkte der Region. Es wird aus Oliven aus unseren eigenen Olivenhainen hergestellt und zeichnet sich durch seine Frische, seinen reichen Geschmack und seine Aromen aus, die das einzigartige Terroir Istriens widerspiegeln. <\/p>\n<p><strong>W\u00e4hrend der Verkostung k\u00f6nnen unsere G\u00e4ste:<\/strong><\/p>\n<ul>\n<li>Erfahren Sie, wie Sie die Qualit\u00e4t von nativem Oliven\u00f6l extra erkennen<\/li>\n<li>Entdecken Sie die verschiedenen Olivensorten, die wir verwenden<\/li>\n<li>Genie\u00dfen Sie die Aromen, die hervorragend zu selbstgebackenem Brot, Schinken und K\u00e4se passen<\/li>\n<\/ul>\n<p>[\/et_pb_text][\/et_pb_column][\/et_pb_row][et_pb_row column_structure=&#8220;2_5,3_5&#8243; _builder_version=&#8220;4.27.4&#8243; _module_preset=&#8220;default&#8220; width=&#8220;90%&#8220; max_width=&#8220;90%&#8220; animation_style=&#8220;fade&#8220; global_colors_info=&#8220;{}&#8220;][et_pb_column type=&#8220;2_5&#8243; _builder_version=&#8220;4.27.4&#8243; _module_preset=&#8220;default&#8220; global_colors_info=&#8220;{}&#8220;][et_pb_text _builder_version=&#8220;4.27.4&#8243; _module_preset=&#8220;default&#8220; text_font=&#8220;&#8211;et_global_body_font||||||||&#8220; text_text_color=&#8220;#2b2900&#8243; text_font_size=&#8220;15px&#8220; header_2_font=&#8220;&#8211;et_global_body_font|||on|||||&#8220; header_2_text_color=&#8220;#EA6624&#8243; header_2_font_size=&#8220;12px&#8220; header_2_letter_spacing=&#8220;2px&#8220; header_2_line_height=&#8220;1.1em&#8220; header_3_font=&#8220;&#8211;et_global_body_font|||on|||||&#8220; header_3_font_size=&#8220;24px&#8220; header_3_letter_spacing=&#8220;1px&#8220; header_5_font=&#8220;&#8211;et_global_body_font|||on|||||&#8220; header_5_text_color=&#8220;#EA6624&#8243; header_5_font_size=&#8220;12px&#8220; header_5_letter_spacing=&#8220;2px&#8220; header_5_line_height=&#8220;1.1em&#8220; header_6_font=&#8220;&#8211;et_global_body_font|||on|||||&#8220; header_6_font_size=&#8220;24px&#8220; header_6_letter_spacing=&#8220;1px&#8220; custom_padding=&#8220;5%||||false|false&#8220; custom_padding_tablet=&#8220;5%||||false|false&#8220; custom_padding_phone=&#8220;2%||||false|false&#8220; custom_padding_last_edited=&#8220;on|phone&#8220; global_colors_info=&#8220;{}&#8220;]<\/p>\n<h2>TOP-WEINE<\/h2>\n<h3>Die Geschichte von Motovun im Glas<\/h3>\n<p>Unser Wein ist ein Spiegelbild der Geschichte und Tradition, die seit Generationen gepflegt wird. Die Weinberge der Familie \u0160tefani\u0107 sind ideal gelegen, um Weine mit reichem Charakter zu produzieren. <\/p>\n<p><strong>In unserem Verkostungsraum k\u00f6nnen Sie:<\/strong><\/p>\n<ul>\n<li><strong>Probieren Sie Malvasia <\/strong>\u2013 einen Wei\u00dfwein, der ein Symbol Istriens ist, mit milden blumigen Noten und erfrischender S\u00e4ure<\/li>\n<li><strong>Genie\u00dfen Sie die Mischung<\/strong> \u2013 eine sorgf\u00e4ltig ausgew\u00e4hlte Mischung aus verschiedenen Sorten, die Geschmackskomplexit\u00e4t, reiches Aroma und ausgewogene Struktur bietet. Dieser Wein passt perfekt zu Fleischgerichten und reifem K\u00e4se und bietet ein umfassendes Erlebnis des istrischen Terroirs <\/li>\n<li><strong>Entdecken Sie den Gelben Muskateller<\/strong> \u2013 einen aromatischen Wein mit ausgepr\u00e4gten floralen und fruchtigen Noten, leichter S\u00fc\u00dfe und erfrischender Frische. Er passt hervorragend zu Desserts, ist aber auch pur ein Genuss f\u00fcr besondere Momente. <\/li>\n<\/ul>\n<p>[\/et_pb_text][\/et_pb_column][et_pb_column type=&#8220;3_5&#8243; _builder_version=&#8220;4.27.4&#8243; _module_preset=&#8220;default&#8220; global_colors_info=&#8220;{}&#8220;][et_pb_image src=&#8220;https:\/\/agroturizam-stefanic.hr\/wp-content\/uploads\/2025\/06\/kusaonica-3.jpg&#8220; align=&#8220;center&#8220; _builder_version=&#8220;4.27.4&#8243; _module_preset=&#8220;default&#8220; max_width=&#8220;65%&#8220; global_colors_info=&#8220;{}&#8220;][\/et_pb_image][\/et_pb_column][\/et_pb_row][et_pb_row column_structure=&#8220;1_2,1_2&#8243; _builder_version=&#8220;4.27.4&#8243; _module_preset=&#8220;default&#8220; width=&#8220;90%&#8220; max_width=&#8220;90%&#8220; global_colors_info=&#8220;{}&#8220;][et_pb_column type=&#8220;1_2&#8243; _builder_version=&#8220;4.27.4&#8243; _module_preset=&#8220;default&#8220; global_colors_info=&#8220;{}&#8220;][et_pb_text _builder_version=&#8220;4.27.4&#8243; _module_preset=&#8220;default&#8220; text_font=&#8220;&#8211;et_global_body_font||||||||&#8220; text_text_color=&#8220;#2b2900&#8243; text_font_size=&#8220;15px&#8220; header_2_font=&#8220;&#8211;et_global_body_font|||on|||||&#8220; header_2_text_color=&#8220;#EA6624&#8243; header_2_font_size=&#8220;12px&#8220; header_2_letter_spacing=&#8220;2px&#8220; header_2_line_height=&#8220;1.1em&#8220; header_3_font=&#8220;&#8211;et_global_body_font|||on|||||&#8220; header_3_text_align=&#8220;center&#8220; header_3_font_size=&#8220;28px&#8220; header_3_letter_spacing=&#8220;1px&#8220; header_4_font=&#8220;&#8211;et_global_body_font|||on|||||&#8220; header_4_text_align=&#8220;center&#8220; header_4_text_color=&#8220;#EA6624&#8243; header_4_font_size=&#8220;12px&#8220; header_4_letter_spacing=&#8220;2px&#8220; header_4_line_height=&#8220;1.1em&#8220; header_5_font=&#8220;&#8211;et_global_body_font|||on|||||&#8220; header_5_text_align=&#8220;center&#8220; header_5_text_color=&#8220;#EA6624&#8243; header_5_font_size=&#8220;12px&#8220; header_5_letter_spacing=&#8220;2px&#8220; header_5_line_height=&#8220;1.1em&#8220; custom_margin=&#8220;||0px||false|false&#8220; custom_padding=&#8220;2%||||false|false&#8220; custom_padding_tablet=&#8220;5%||||false|false&#8220; custom_padding_phone=&#8220;2%||||false|false&#8220; custom_padding_last_edited=&#8220;on|phone&#8220; header_3_text_align_tablet=&#8220;center&#8220; header_3_text_align_phone=&#8220;center&#8220; header_3_text_align_last_edited=&#8220;on|desktop&#8220; header_4_text_align_tablet=&#8220;center&#8220; header_4_text_align_phone=&#8220;center&#8220; header_4_text_align_last_edited=&#8220;on|desktop&#8220; header_5_text_align_tablet=&#8220;center&#8220; header_5_text_align_phone=&#8220;center&#8220; header_5_text_align_last_edited=&#8220;on|desktop&#8220; global_colors_info=&#8220;{}&#8220;]<\/p>\n<h5>HAUSGEMEINER WEIN UND OLIVEN\u00d6L<\/h5>\n<h3>Wie ist das Erlebnis im Verkostungsraum?<\/h3>\n<p>&nbsp;<\/p>\n<p>[\/et_pb_text][et_pb_divider color=&#8220;#EA6624&#8243; _builder_version=&#8220;4.27.4&#8243; _module_preset=&#8220;default&#8220; width=&#8220;20%&#8220; module_alignment=&#8220;center&#8220; global_colors_info=&#8220;{}&#8220;][\/et_pb_divider][\/et_pb_column][et_pb_column type=&#8220;1_2&#8243; _builder_version=&#8220;4.27.4&#8243; _module_preset=&#8220;default&#8220; global_colors_info=&#8220;{}&#8220;][et_pb_text _builder_version=&#8220;4.27.4&#8243; _module_preset=&#8220;default&#8220; text_font=&#8220;&#8211;et_global_body_font||||||||&#8220; text_text_color=&#8220;#2b2900&#8243; text_font_size=&#8220;15px&#8220; header_2_font=&#8220;&#8211;et_global_body_font|||on|||||&#8220; header_2_text_color=&#8220;#EA6624&#8243; header_2_font_size=&#8220;12px&#8220; header_2_letter_spacing=&#8220;2px&#8220; header_2_line_height=&#8220;1.1em&#8220; header_3_font=&#8220;&#8211;et_global_body_font|||on|||||&#8220; header_3_font_size=&#8220;24px&#8220; header_3_letter_spacing=&#8220;1px&#8220; header_4_font=&#8220;&#8211;et_global_body_font|||on|||||&#8220; header_4_font_size=&#8220;24px&#8220; header_4_letter_spacing=&#8220;1px&#8220; custom_padding=&#8220;||||false|false&#8220; custom_padding_tablet=&#8220;5%||||false|false&#8220; custom_padding_phone=&#8220;2%||||false|false&#8220; custom_padding_last_edited=&#8220;on|phone&#8220; global_colors_info=&#8220;{}&#8220;]<\/p>\n<h4 style=\"text-align: left;\">Unsere G\u00e4ste haben die M\u00f6glichkeit:<\/h4>\n<ul>\n<li>Verkosten Sie Spitzenprodukte mit ausf\u00fchrlichen Erkl\u00e4rungen zu ihren Eigenschaften<\/li>\n<li>Erfahren Sie, wie Sie Oliven\u00f6l und Wein mit Gerichten kombinieren, um die besten Aromen hervorzubringen<\/li>\n<li>Erfahren Sie mehr \u00fcber die Geschichte und Tradition der Familie \u0160tefani\u0107 durch Geschichten, die wir mit Liebe teilen<\/li>\n<\/ul>\n<p>[\/et_pb_text][\/et_pb_column][\/et_pb_row][et_pb_row _builder_version=&#8220;4.27.4&#8243; _module_preset=&#8220;default&#8220; global_colors_info=&#8220;{}&#8220;][et_pb_column type=&#8220;4_4&#8243; _builder_version=&#8220;4.27.4&#8243; _module_preset=&#8220;default&#8220; global_colors_info=&#8220;{}&#8220;][\/et_pb_column][\/et_pb_row][\/et_pb_section][et_pb_section fb_built=&#8220;1&#8243; _builder_version=&#8220;4.27.4&#8243; _module_preset=&#8220;default&#8220; custom_padding=&#8220;||||false|false&#8220; global_colors_info=&#8220;{}&#8220;][et_pb_row column_structure=&#8220;1_5,3_5,1_5&#8243; use_custom_gutter=&#8220;on&#8220; gutter_width=&#8220;2&#8243; make_equal=&#8220;on&#8220; _builder_version=&#8220;4.27.4&#8243; _module_preset=&#8220;default&#8220; width=&#8220;90%&#8220; max_width=&#8220;90%&#8220; animation_style=&#8220;fade&#8220; custom_css_main_element=&#8220;align-items: center;&#8220; global_colors_info=&#8220;{}&#8220;][et_pb_column type=&#8220;1_5&#8243; _builder_version=&#8220;4.27.4&#8243; _module_preset=&#8220;default&#8220; global_colors_info=&#8220;{}&#8220;][et_pb_divider color=&#8220;#EA6624&#8243; disabled_on=&#8220;on|on|off&#8220; _builder_version=&#8220;4.27.4&#8243; _module_preset=&#8220;default&#8220; global_colors_info=&#8220;{}&#8220;][\/et_pb_divider][\/et_pb_column][et_pb_column type=&#8220;3_5&#8243; _builder_version=&#8220;4.27.4&#8243; _module_preset=&#8220;default&#8220; global_colors_info=&#8220;{}&#8220;][et_pb_text _builder_version=&#8220;4.27.4&#8243; _module_preset=&#8220;default&#8220; text_font=&#8220;&#8211;et_global_body_font|500|on|on|||||&#8220; text_text_color=&#8220;#0B0904&#8243; text_font_size=&#8220;26px&#8220; text_letter_spacing=&#8220;1px&#8220; text_orientation=&#8220;center&#8220; global_colors_info=&#8220;{}&#8220;]<\/p>\n<p>Entdecken Sie unser Angebot und buchen Sie Ihr Vergn\u00fcgen im Agroturizma \u0160tefani\u0107 \u2013 einem Ort, an dem Natur und Tradition eins werden<\/p>\n<p>[\/et_pb_text][\/et_pb_column][et_pb_column type=&#8220;1_5&#8243; _builder_version=&#8220;4.27.4&#8243; _module_preset=&#8220;default&#8220; global_colors_info=&#8220;{}&#8220;][et_pb_divider color=&#8220;#EA6624&#8243; _builder_version=&#8220;4.27.4&#8243; _module_preset=&#8220;default&#8220; global_colors_info=&#8220;{}&#8220;][\/et_pb_divider][\/et_pb_column][\/et_pb_row][\/et_pb_section]<\/p>\n","protected":false},"excerpt":{"rendered":"<p>VerkostungsraumDie Aromen Istriens in jedem TropfenWillkommen im Verkostungsraum des Agroturizma \u0160tefani\u0107, einem Ort, an dem Tradition, Qualit\u00e4t und Leidenschaft f\u00fcr hochwertige istrische Produkte miteinander verschmelzen. Unser Verkostungsraum auf unserem Anwesen bietet ein einzigartiges Erlebnis, bei dem Sie die Aromen von hausgemachtem Oliven\u00f6l und Wein entdecken k\u00f6nnen, die mit Liebe und Liebe zum Detail hergestellt werden. [&hellip;]<\/p>\n","protected":false},"author":1,"featured_media":0,"parent":0,"menu_order":0,"comment_status":"closed","ping_status":"closed","template":"","meta":{"_et_pb_use_builder":"on","_et_pb_old_content":"","_et_gb_content_width":"","footnotes":""},"class_list":["post-582","page","type-page","status-publish","hentry"],"_links":{"self":[{"href":"https:\/\/agroturizam-stefanic.hr\/de\/wp-json\/wp\/v2\/pages\/582","targetHints":{"allow":["GET"]}}],"collection":[{"href":"https:\/\/agroturizam-stefanic.hr\/de\/wp-json\/wp\/v2\/pages"}],"about":[{"href":"https:\/\/agroturizam-stefanic.hr\/de\/wp-json\/wp\/v2\/types\/page"}],"author":[{"embeddable":true,"href":"https:\/\/agroturizam-stefanic.hr\/de\/wp-json\/wp\/v2\/users\/1"}],"replies":[{"embeddable":true,"href":"https:\/\/agroturizam-stefanic.hr\/de\/wp-json\/wp\/v2\/comments?post=582"}],"version-history":[{"count":3,"href":"https:\/\/agroturizam-stefanic.hr\/de\/wp-json\/wp\/v2\/pages\/582\/revisions"}],"predecessor-version":[{"id":649,"href":"https:\/\/agroturizam-stefanic.hr\/de\/wp-json\/wp\/v2\/pages\/582\/revisions\/649"}],"wp:attachment":[{"href":"https:\/\/agroturizam-stefanic.hr\/de\/wp-json\/wp\/v2\/media?parent=582"}],"curies":[{"name":"wp","href":"https:\/\/api.w.org\/{rel}","templated":true}]}}